{"id":229,"date":"2020-12-21T16:40:03","date_gmt":"2020-12-21T13:40:03","guid":{"rendered":"http:\/\/localhost\/mesopo\/?page_id=229"},"modified":"2020-12-26T22:42:47","modified_gmt":"2020-12-26T19:42:47","slug":"malrupel","status":"publish","type":"page","link":"https:\/\/swingamed.com\/?page_id=229&lang=fr","title":{"rendered":"Malr\u00fbpel"},"content":{"rendered":"<div id=\"uid_473b25430\" class=\"rbc-row rbc-fw-section clearfix is-fullwidth\"><div class=\"rbc-container rb-p20-gutter\"><div class=\"rbc-content\"><p>\t\t<div id=\"uid_3b27bb42b\" class=\"block-wrap fw-block fw-feat-4 none-margin\" >\n\t\t\t<div class=\"content-wrap\"><div class=\"content-inner\">\n\t<div class=\"load-animation\"><\/div><div class=\"rb-owl slider-feat-4 per-load\">\t\t<div class=\"p-wrap p-overlay p-overlay-4 f-gradient post-314 rb-hf no-avatar\">\n\t\t\t<div class=\"p-feat\">\n\t\t\t\t\t\t<a class=\"p-flink\" href=\"https:\/\/swingamed.com\/?p=314&lang=fr\" title=\"Projeya Dans \u00fb Maf ku me bi KalabaLindy re dime\u015fand bi daw\u00ee b\u00fb.\">\n\t\t\t<span class=\"rb-iwrap\"><img width=\"1328\" height=\"828\" src=\"https:\/\/swingamed.com\/wp-content\/uploads\/2019\/10\/resim_2020-12-26_222637.png\" class=\"attachment-pixwell_780x0-2x size-pixwell_780x0-2x wp-post-image\" alt=\"\" loading=\"lazy\" srcset=\"https:\/\/swingamed.com\/wp-content\/uploads\/2019\/10\/resim_2020-12-26_222637.png 1328w, https:\/\/swingamed.com\/wp-content\/uploads\/2019\/10\/resim_2020-12-26_222637-300x187.png 300w, https:\/\/swingamed.com\/wp-content\/uploads\/2019\/10\/resim_2020-12-26_222637-1024x638.png 1024w, https:\/\/swingamed.com\/wp-content\/uploads\/2019\/10\/resim_2020-12-26_222637-768x479.png 768w, https:\/\/swingamed.com\/wp-content\/uploads\/2019\/10\/resim_2020-12-26_222637-450x281.png 450w, https:\/\/swingamed.com\/wp-content\/uploads\/2019\/10\/resim_2020-12-26_222637-780x486.png 780w\" sizes=\"(max-width: 1328px) 100vw, 1328px\" \/><\/span>\n\t\t<\/a>\n\t\t\t\t\t\t<div class=\"content-overlay is-light-text\">\n\t\t\t\t\t<div class=\"rbc-container rb-p20-gutter\">\n\t\t\t\t\t\t<div class=\"overlay-holder\">\n\t\t\t\t\t\t\t\t\t<aside class=\"p-cat-info is-relative\">\n\t\t\t\t\t\t\t<a class=\"cat-info-el cat-info-id-50\" href=\"https:\/\/swingamed.com\/?cat=50&lang=fr\" rel=\"category\">Bangewaz\u00ee<\/a>\t\t\t\t\t\t\t\t<\/aside>\n\t\t\t\t\t\t\t\t<div class=\"p-header\"><h2 class=\"entry-title h1\">\t\t<a class=\"p-url\" href=\"https:\/\/swingamed.com\/?p=314&#038;lang=fr\" rel=\"bookmark\" title=\"Projeya Dans \u00fb Maf ku me bi KalabaLindy re dime\u015fand bi daw\u00ee b\u00fb.\">Projeya Dans \u00fb Maf ku me bi KalabaLindy re dime\u015fand bi daw\u00ee b\u00fb.<\/a>\n\t\t<\/h2><\/div>\n\t\t\t\t\t\t\t\t\t\t\t\t\t\t<div class=\"p-footer\">\n\t\t\t\t\t\t\t\t\t\t\t\t\t\t\t<\/div>\n\t\t\t\t\t\t<\/div>\n\t\t\t\t\t<\/div>\n\t\t\t\t<\/div>\n\t\t\t<\/div>\n\t\t<\/div>\n\t\t\t<div class=\"p-wrap p-overlay p-overlay-4 f-gradient post-312 rb-hf no-avatar\">\n\t\t\t<div class=\"p-feat\">\n\t\t\t\t\t\t<a class=\"p-flink\" href=\"https:\/\/swingamed.com\/?p=312&lang=fr\" title=\"Ders\u00ean L\u00eendy Hop \u00fb Sol Caz\u00ea bi p\u00ea\u015fgiriy\u00ean tendur\u00fbst\u00ee \u00fb navber berdewam in.\">\n\t\t\t<span class=\"rb-iwrap\"><img width=\"960\" height=\"640\" src=\"https:\/\/swingamed.com\/wp-content\/uploads\/2019\/10\/DUYURU-1-ARKA-PLAN-FOTOSU.jpg\" class=\"attachment-pixwell_780x0-2x size-pixwell_780x0-2x wp-post-image\" alt=\"\" loading=\"lazy\" srcset=\"https:\/\/swingamed.com\/wp-content\/uploads\/2019\/10\/DUYURU-1-ARKA-PLAN-FOTOSU.jpg 960w, https:\/\/swingamed.com\/wp-content\/uploads\/2019\/10\/DUYURU-1-ARKA-PLAN-FOTOSU-300x200.jpg 300w, https:\/\/swingamed.com\/wp-content\/uploads\/2019\/10\/DUYURU-1-ARKA-PLAN-FOTOSU-768x512.jpg 768w, https:\/\/swingamed.com\/wp-content\/uploads\/2019\/10\/DUYURU-1-ARKA-PLAN-FOTOSU-450x300.jpg 450w, https:\/\/swingamed.com\/wp-content\/uploads\/2019\/10\/DUYURU-1-ARKA-PLAN-FOTOSU-780x520.jpg 780w\" sizes=\"(max-width: 960px) 100vw, 960px\" \/><\/span>\n\t\t<\/a>\n\t\t\t\t\t\t<div class=\"content-overlay is-light-text\">\n\t\t\t\t\t<div class=\"rbc-container rb-p20-gutter\">\n\t\t\t\t\t\t<div class=\"overlay-holder\">\n\t\t\t\t\t\t\t\t\t<aside class=\"p-cat-info is-relative\">\n\t\t\t\t\t\t\t<a class=\"cat-info-el cat-info-id-50\" href=\"https:\/\/swingamed.com\/?cat=50&lang=fr\" rel=\"category\">Bangewaz\u00ee<\/a>\t\t\t\t\t\t\t\t<\/aside>\n\t\t\t\t\t\t\t\t<div class=\"p-header\"><h2 class=\"entry-title h1\">\t\t<a class=\"p-url\" href=\"https:\/\/swingamed.com\/?p=312&#038;lang=fr\" rel=\"bookmark\" title=\"Ders\u00ean L\u00eendy Hop \u00fb Sol Caz\u00ea bi p\u00ea\u015fgiriy\u00ean tendur\u00fbst\u00ee \u00fb navber berdewam in.\">Ders\u00ean L\u00eendy Hop \u00fb Sol Caz\u00ea bi p\u00ea\u015fgiriy\u00ean tendur\u00fbst\u00ee \u00fb navber berdewam in.<\/a>\n\t\t<\/h2><\/div>\n\t\t\t\t\t\t\t\t\t\t\t\t\t\t<div class=\"p-footer\">\n\t\t\t\t\t\t\t\t\t\t\t\t\t\t\t<\/div>\n\t\t\t\t\t\t<\/div>\n\t\t\t\t\t<\/div>\n\t\t\t\t<\/div>\n\t\t\t<\/div>\n\t\t<\/div>\n\t<\/div>\t\t<\/div>\n\t\t<\/div>\n\t<\/div>\t\t<div id=\"uid_7115b7667\" class=\"block-wrap rb-newsletter is-light-text\" >\n\t\t\t<aside class=\"newsletter-box subscribe-box layout-1\">\n\t\t\t<div class=\"subscribe-content\">\n\t\t\t\t\t\t\t\t\t<h3 class=\"newsletter-title\">B\u00fcltene Abone Olun<\/h3>\n\t\t\t\t\t\t\t\t\t\t\t\t\t<p class=\"subscribe-description\">\n\t\t\t\t\t\tEn son haberlerimizi do\u011frudan mail kutunuza al\u0131n.\t\t\t\t\t<\/p>\n\t\t\t\t\t\t\t<\/div>\n\t\t\t<div class=\"newsletter-form\">\n\t\t\t\t\t\t<div class=\"rb-newsletter is-submit-icon\">\n\t\t\t<div class=\"rb-newsletter-inner\">\n\t\t\t\t\t<div class=\"newsletter-cover\">\n\t\t\t\t\t\t\t\t\t\t\t<\/div>\n\t\t\t\t<div class=\"newsletter-content\">\n\t\t\t\t\t\t\t\t\t\t<form class=\"rb-newsletter-form\" action=\"#\" method=\"post\">\n\t\t\t\t\t\t<div class=\"newsletter-input\">\n\t\t\t\t\t\t\t<input class=\"newsletter-email\" placeholder=\"E mail Adresinizi yaz\u0131n\u0131z.\" type=\"email\" name=\"rb_email_subscribe\">\n\t\t\t\t\t\t\t\t\t\t\t\t\t\t\t<button type=\"submit\" name=\"submit\" class=\"newsletter-submit newsletter-submit-icon\"><i class=\"rbi rbi-email-envelope\"><\/i><\/button>\n\t\t\t\t\t\t\t\t\t\t\t\t\t<\/div>\n\t\t\t\t\t\t\t\t\t\t\t<\/form>\n\t\t\t\t<\/div>\n\t\t\t<\/div>\n\t\t\t<div class=\"newsletter-response\">\n\t\t\t\t\t\t\t\t<span class=\"response-notice email-error\">E mail Adresinizi yaz\u0131n\u0131z.<\/span>\n\t\t\t\t<span class=\"response-notice email-exists\">E mail Adresiniz Sistemimizde Kay\u0131tl\u0131.<\/span>\n\t\t\t\t<span class=\"response-notice success\">E mail Adresiniz Eklendi.<\/span>\n\t\t\t<\/div>\n\t\t<\/div>\n\t\t\t\t\t<\/div>\n\t\t<\/aside>\n\t\t<\/div><\/p>\n<\/div><\/div><\/div>\n","protected":false},"excerpt":{"rendered":"","protected":false},"author":1,"featured_media":0,"parent":0,"menu_order":0,"comment_status":"closed","ping_status":"closed","template":"rbc-frontend.php","meta":[],"_links":{"self":[{"href":"https:\/\/swingamed.com\/index.php?rest_route=\/wp\/v2\/pages\/229"}],"collection":[{"href":"https:\/\/swingamed.com\/index.php?rest_route=\/wp\/v2\/pages"}],"about":[{"href":"https:\/\/swingamed.com\/index.php?rest_route=\/wp\/v2\/types\/page"}],"author":[{"embeddable":true,"href":"https:\/\/swingamed.com\/index.php?rest_route=\/wp\/v2\/users\/1"}],"replies":[{"embeddable":true,"href":"https:\/\/swingamed.com\/index.php?rest_route=%2Fwp%2Fv2%2Fcomments&post=229"}],"version-history":[{"count":5,"href":"https:\/\/swingamed.com\/index.php?rest_route=\/wp\/v2\/pages\/229\/revisions"}],"predecessor-version":[{"id":324,"href":"https:\/\/swingamed.com\/index.php?rest_route=\/wp\/v2\/pages\/229\/revisions\/324"}],"wp:attachment":[{"href":"https:\/\/swingamed.com\/index.php?rest_route=%2Fwp%2Fv2%2Fmedia&parent=229"}],"curies":[{"name":"wp","href":"https:\/\/api.w.org\/{rel}","templated":true}]}}